{"id":6870,"date":"2024-02-15T06:48:23","date_gmt":"2024-02-15T11:48:23","guid":{"rendered":"https:\/\/rothenbergweal.wpenginepowered.com\/nouvelle-lettre\/"},"modified":"2024-02-15T08:08:08","modified_gmt":"2024-02-15T13:08:08","slug":"nouvelle-lettre","status":"publish","type":"page","link":"https:\/\/www.rothenberg.ca\/fr\/nouvelle-lettre\/","title":{"rendered":"Nouvelle lettre"},"content":{"rendered":"<div><script type=\"text\/javascript\">\n\/* <![CDATA[ *\/\nvar gform;gform||(document.addEventListener(\"gform_main_scripts_loaded\",function(){gform.scriptsLoaded=!0}),document.addEventListener(\"gform\/theme\/scripts_loaded\",function(){gform.themeScriptsLoaded=!0}),window.addEventListener(\"DOMContentLoaded\",function(){gform.domLoaded=!0}),gform={domLoaded:!1,scriptsLoaded:!1,themeScriptsLoaded:!1,isFormEditor:()=>\"function\"==typeof InitializeEditor,callIfLoaded:function(o){return!(!gform.domLoaded||!gform.scriptsLoaded||!gform.themeScriptsLoaded&&!gform.isFormEditor()||(gform.isFormEditor()&&console.warn(\"The use of gform.initializeOnLoaded() is deprecated in the form editor context and will be removed in Gravity Forms 3.1.\"),o(),0))},initializeOnLoaded:function(o){gform.callIfLoaded(o)||(document.addEventListener(\"gform_main_scripts_loaded\",()=>{gform.scriptsLoaded=!0,gform.callIfLoaded(o)}),document.addEventListener(\"gform\/theme\/scripts_loaded\",()=>{gform.themeScriptsLoaded=!0,gform.callIfLoaded(o)}),window.addEventListener(\"DOMContentLoaded\",()=>{gform.domLoaded=!0,gform.callIfLoaded(o)}))},hooks:{action:{},filter:{}},addAction:function(o,r,e,t){gform.addHook(\"action\",o,r,e,t)},addFilter:function(o,r,e,t){gform.addHook(\"filter\",o,r,e,t)},doAction:function(o){gform.doHook(\"action\",o,arguments)},applyFilters:function(o){return gform.doHook(\"filter\",o,arguments)},removeAction:function(o,r){gform.removeHook(\"action\",o,r)},removeFilter:function(o,r,e){gform.removeHook(\"filter\",o,r,e)},addHook:function(o,r,e,t,n){null==gform.hooks[o][r]&&(gform.hooks[o][r]=[]);var d=gform.hooks[o][r];null==n&&(n=r+\"_\"+d.length),gform.hooks[o][r].push({tag:n,callable:e,priority:t=null==t?10:t})},doHook:function(r,o,e){var t;if(e=Array.prototype.slice.call(e,1),null!=gform.hooks[r][o]&&((o=gform.hooks[r][o]).sort(function(o,r){return o.priority-r.priority}),o.forEach(function(o){\"function\"!=typeof(t=o.callable)&&(t=window[t]),\"action\"==r?t.apply(null,e):e[0]=t.apply(null,e)})),\"filter\"==r)return e[0]},removeHook:function(o,r,t,n){var e;null!=gform.hooks[o][r]&&(e=(e=gform.hooks[o][r]).filter(function(o,r,e){return!!(null!=n&&n!=o.tag||null!=t&&t!=o.priority)}),gform.hooks[o][r]=e)}});\n\/* ]]> *\/\n<\/script>\n\n                <div class='gf_browser_gecko gform_wrapper gravity-theme gform-theme--no-framework' data-form-theme='gravity-theme' data-form-index='0' id='gform_wrapper_4' style='display:none'><div id='gf_4' class='gform_anchor' tabindex='-1'><\/div>\n                        <div class='gform_heading'>\n                            <h2 class=\"gform_title\">Bulletin d'information<\/h2>\n\t\t\t\t\t\t\t<p class='gform_required_legend'>\u00ab\u00a0<span class=\"gfield_required gfield_required_asterisk\">*<\/span>\u00a0\u00bb indique les champs n\u00e9cessaires<\/p>\n                        <\/div><form method='post' enctype='multipart\/form-data' target='gform_ajax_frame_4' id='gform_4'  action='\/fr\/wp-json\/wp\/v2\/pages\/6870#gf_4' data-formid='4' novalidate>\n                        <div class='gform-body gform_body'><div id='gform_fields_4' class='gform_fields top_label form_sublabel_above description_below validation_below'><div id=\"field_4_11\" class=\"gfield gfield--type-text gfield--input-type-text gfield--width-half gfield_contains_required field_sublabel_above gfield--no-description field_description_below field_validation_below gfield_visibility_visible\"  ><label class='gfield_label gform-field-label' for='input_4_11'>Pr\u00e9nom<span class=\"gfield_required\"><span class=\"gfield_required gfield_required_asterisk\">*<\/span><\/span><\/label><div class='ginput_container ginput_container_text'><input name='input_11' id='input_4_11' type='text' value='' class='large'     aria-required=\"true\" aria-invalid=\"false\"   \/><\/div><\/div><div id=\"field_4_12\" class=\"gfield gfield--type-text gfield--input-type-text gfield--width-half gfield_contains_required field_sublabel_above gfield--no-description field_description_below field_validation_below gfield_visibility_visible\"  ><label class='gfield_label gform-field-label' for='input_4_12'>Nom de famille<span class=\"gfield_required\"><span class=\"gfield_required gfield_required_asterisk\">*<\/span><\/span><\/label><div class='ginput_container ginput_container_text'><input name='input_12' id='input_4_12' type='text' value='' class='large'     aria-required=\"true\" aria-invalid=\"false\"   \/><\/div><\/div><div id=\"field_4_1\" class=\"gfield gfield--type-email gfield--input-type-email gfield_contains_required field_sublabel_above gfield--no-description field_description_below field_validation_below gfield_visibility_visible\"  ><label class='gfield_label gform-field-label' for='input_4_1'>Courriel<span class=\"gfield_required\"><span class=\"gfield_required gfield_required_asterisk\">*<\/span><\/span><\/label><div class='ginput_container ginput_container_email'>\n                            <input name='input_1' id='input_4_1' type='email' value='' class='large'    aria-required=\"true\" aria-invalid=\"false\"  \/>\n                        <\/div><\/div><div id=\"field_4_13\" class=\"gfield gfield--type-select gfield--input-type-select gfield--width-full gfield_contains_required field_sublabel_above gfield--no-description field_description_below field_validation_below gfield_visibility_visible\"  ><label class='gfield_label gform-field-label' for='input_4_13'>Votre lieu de r\u00e9sidence<span class=\"gfield_required\"><span class=\"gfield_required gfield_required_asterisk\">*<\/span><\/span><\/label><div class='ginput_container ginput_container_select'><select name='input_13' id='input_4_13' class='large gfield_select'    aria-required=\"true\" aria-invalid=\"false\" ><option value='Alberta' >Alberta<\/option><option value='Colombie-Britannique' >Colombie-Britannique<\/option><option value='Manitoba' >Manitoba<\/option><option value='Nouveau-Brunswick' >Nouveau-Brunswick<\/option><option value='Terre-Neuve et Labrador' >Terre-Neuve et Labrador<\/option><option value='Territoires du Nord-Ouest' >Territoires du Nord-Ouest<\/option><option value='Nouvelle-\u00c9cosse' >Nouvelle-\u00c9cosse<\/option><option value='Nunavut' >Nunavut<\/option><option value='Ontario' >Ontario<\/option><option value='\u00cele-du-Prince-\u00c9douard' >\u00cele-du-Prince-\u00c9douard<\/option><option value='Qu\u00e9bec' >Qu\u00e9bec<\/option><option value='Saskatchewan' >Saskatchewan<\/option><option value='Yukon' >Yukon<\/option><\/select><\/div><\/div><fieldset id=\"field_4_15\" class=\"gfield gfield--type-radio gfield--type-choice gfield--input-type-radio gfield--width-full gfield_contains_required field_sublabel_above gfield--no-description field_description_below field_validation_below gfield_visibility_visible\"  ><legend class='gfield_label gform-field-label' >Je souhaite recevoir votre bulletin d&#039;information et d&#039;autres communications par courrier \u00e9lectronique :<span class=\"gfield_required\"><span class=\"gfield_required gfield_required_asterisk\">*<\/span><\/span><\/legend><div class='ginput_container ginput_container_radio'><div class='gfield_radio' id='input_4_15'>\n\t\t\t<div class='gchoice gchoice_4_15_0'>\n\t\t\t\t\t<input class='gfield-choice-input' name='input_15' type='radio' value='Anglais'  id='choice_4_15_0' onchange='gformToggleRadioOther( this )'    \/>\n\t\t\t\t\t<label for='choice_4_15_0' id='label_4_15_0' class='gform-field-label gform-field-label--type-inline'>Anglais<\/label>\n\t\t\t<\/div>\n\t\t\t<div class='gchoice gchoice_4_15_1'>\n\t\t\t\t\t<input class='gfield-choice-input' name='input_15' type='radio' value='Fran\u00e7ais'  id='choice_4_15_1' onchange='gformToggleRadioOther( this )'    \/>\n\t\t\t\t\t<label for='choice_4_15_1' id='label_4_15_1' class='gform-field-label gform-field-label--type-inline'>Fran\u00e7ais<\/label>\n\t\t\t<\/div><\/div><\/div><\/fieldset><\/div><\/div>\n        <div class='gform-footer gform_footer top_label'> <input type='submit' id='gform_submit_button_4' class='gform_button button' onclick='gform.submission.handleButtonClick(this);' data-submission-type='submit' value='Soumettre'  \/> <input type='hidden' name='gform_ajax' value='form_id=4&amp;title=1&amp;description=&amp;tabindex=0&amp;theme=gravity-theme&amp;styles=[]&amp;hash=46009b41677f84cf140c7fb45a2c284c' \/>\n            <input type='hidden' class='gform_hidden' name='gform_submission_method' data-js='gform_submission_method_4' value='iframe' \/>\n            <input type='hidden' class='gform_hidden' name='gform_theme' data-js='gform_theme_4' id='gform_theme_4' value='gravity-theme' \/>\n            <input type='hidden' class='gform_hidden' name='gform_style_settings' data-js='gform_style_settings_4' id='gform_style_settings_4' value='[]' \/>\n            <input type='hidden' class='gform_hidden' name='is_submit_4' value='1' \/>\n            <input type='hidden' class='gform_hidden' name='gform_submit' value='4' \/>\n            \n            <input type='hidden' class='gform_hidden' name='gform_currency' data-currency='USD' value='w4jfWwovfpgwSYNbsvhB67aTWEgAHs\/kkZURib0tHlmIP+67gpTj1\/0upPOvK+n1q7xGBiWZSU7XEll2MXcW2C6+X5A5m8hp3h0kavLhsalHWZ8=' \/>\n            <input type='hidden' class='gform_hidden' name='gform_unique_id' value='' \/>\n            <input type='hidden' class='gform_hidden' name='state_4' value='WyJ7XCIxM1wiOltcImVhZmMzMjg0OGUxYzE3YTFiYTFhMzhkYjM5NDUxMjdkXCIsXCI5YzJiMWZmODNjN2JmZmFhYzVmZDE2ZDVkZWE2NmRkYlwiLFwiMGM1MjVlZjE2ZDkwNzg4OWY2YmMxNDZlYmJjZGUzNTlcIixcIjA5ZjdiMTZmNGU0YTczOTk2YWVhNWJlODAzYjNiOTk1XCIsXCIxMjhmNjAxZjdmZTg5NmY0ZjhlYzdlOGVlYmM3NTdjN1wiLFwiMDdkMDU2MTA3ODAwZGVhZDRhNzEzMzdjOTg2YWUwMzZcIixcIjhjOGE0MTM3NTg4OWQ1MGNmMTM2N2JmMDY3OTU0ZjZhXCIsXCJhMDhjZTc1YzdkMTk0YjE0NDNkOTNhZDY3OGE0MWViY1wiLFwiZjlkNzdiZGMzYjVlYjUxYTNhMjUzMWFiMmIzNDExNzBcIixcIjc5ZGQzZWE4NmUxNzA0NWQyMTA3OWMzZjdkYjc4ODdjXCIsXCI2ZDk1NjVjNDE4Mzg1NzkzMTVlY2Q0MDIyYmI4YjI3MVwiLFwiODAwMWRiY2I1MDBkZGRjMDgzMWIzOGM0YjQxMjQ2N2VcIixcIjMyZDQxMmFjZDdkNTM3MzExMDc2OGU1MzMwOGM0YzI5XCJdLFwiMTVcIjpbXCI2NmZkMTQ5Mjg0NTk5YjA3NTA5YmMxMjhiY2IzYTM1MFwiLFwiYzc2MjViZGU3NzdjMzQ5ODBlNTMyYzA3Y2QyOTg0YjFcIl19IiwiOTViNmYwZDM2ZGZhOGYyYTZiMjA2Y2UwYmRjODIwYjEiXQ==' \/>\n            <input type='hidden' autocomplete='off' class='gform_hidden' name='gform_target_page_number_4' id='gform_target_page_number_4' value='0' \/>\n            <input type='hidden' autocomplete='off' class='gform_hidden' name='gform_source_page_number_4' id='gform_source_page_number_4' value='1' \/>\n            <input type='hidden' name='gform_field_values' value='' \/>\n            \n        <\/div>\n                        <\/form>\n                        <\/div>\n\t\t                <iframe style='display:none;width:0px;height:0px;' src='about:blank' name='gform_ajax_frame_4' id='gform_ajax_frame_4' title='Cette iframe contient la logique n\u00e9cessaire pour manipuler Gravity Forms avec Ajax.'><\/iframe>\n\t\t                <script type=\"text\/javascript\">\n\/* <![CDATA[ *\/\n gform.initializeOnLoaded( function() {gformInitSpinner( 4, 'https:\/\/www.rothenberg.ca\/wp-content\/plugins\/gravityforms\/images\/spinner.svg', true );jQuery('#gform_ajax_frame_4').on('load',function(){var contents = jQuery(this).contents().find('*').html();var is_postback = contents.indexOf('GF_AJAX_POSTBACK') >= 0;if(!is_postback){return;}var form_content = jQuery(this).contents().find('#gform_wrapper_4');var is_confirmation = jQuery(this).contents().find('#gform_confirmation_wrapper_4').length > 0;var is_redirect = contents.indexOf('gformRedirect(){') >= 0;var is_form = form_content.length > 0 && ! is_redirect && ! is_confirmation;var mt = parseInt(jQuery('html').css('margin-top'), 10) + parseInt(jQuery('body').css('margin-top'), 10) + 100;if(is_form){form_content.find('form').css('opacity', 0);jQuery('#gform_wrapper_4').html(form_content.html());if(form_content.hasClass('gform_validation_error')){jQuery('#gform_wrapper_4').addClass('gform_validation_error');} else {jQuery('#gform_wrapper_4').removeClass('gform_validation_error');}setTimeout( function() { \/* delay the scroll by 50 milliseconds to fix a bug in chrome *\/ jQuery(document).scrollTop(jQuery('#gform_wrapper_4').offset().top - mt); }, 50 );if(window['gformInitDatepicker']) {gformInitDatepicker();}if(window['gformInitPriceFields']) {gformInitPriceFields();}var current_page = jQuery('#gform_source_page_number_4').val();gformInitSpinner( 4, 'https:\/\/www.rothenberg.ca\/wp-content\/plugins\/gravityforms\/images\/spinner.svg', true );jQuery(document).trigger('gform_page_loaded', [4, current_page]);window['gf_submitting_4'] = false;}else if(!is_redirect){var confirmation_content = jQuery(this).contents().find('.GF_AJAX_POSTBACK').html();if(!confirmation_content){confirmation_content = contents;}jQuery('#gform_wrapper_4').replaceWith(confirmation_content);jQuery(document).scrollTop(jQuery('#gf_4').offset().top - mt);jQuery(document).trigger('gform_confirmation_loaded', [4]);window['gf_submitting_4'] = false;wp.a11y.speak(jQuery('#gform_confirmation_message_4').text());}else{jQuery('#gform_4').append(contents);if(window['gformRedirect']) {gformRedirect();}}jQuery(document).trigger(\"gform_pre_post_render\", [{ formId: \"4\", currentPage: \"current_page\", abort: function() { this.preventDefault(); } }]);        if (event && event.defaultPrevented) {                return;        }        const gformWrapperDiv = document.getElementById( \"gform_wrapper_4\" );        if ( gformWrapperDiv ) {            const visibilitySpan = document.createElement( \"span\" );            visibilitySpan.id = \"gform_visibility_test_4\";            gformWrapperDiv.insertAdjacentElement( \"afterend\", visibilitySpan );        }        const visibilityTestDiv = document.getElementById( \"gform_visibility_test_4\" );        let postRenderFired = false;        function triggerPostRender() {            if ( postRenderFired ) {                return;            }            postRenderFired = true;            gform.core.triggerPostRenderEvents( 4, current_page );            if ( visibilityTestDiv ) {                visibilityTestDiv.parentNode.removeChild( visibilityTestDiv );            }        }        function debounce( func, wait, immediate ) {            var timeout;            return function() {                var context = this, args = arguments;                var later = function() {                    timeout = null;                    if ( !immediate ) func.apply( context, args );                };                var callNow = immediate && !timeout;                clearTimeout( timeout );                timeout = setTimeout( later, wait );                if ( callNow ) func.apply( context, args );            };        }        const debouncedTriggerPostRender = debounce( function() {            triggerPostRender();        }, 200 );        if ( visibilityTestDiv && visibilityTestDiv.offsetParent === null ) {            const observer = new MutationObserver( ( mutations ) => {                mutations.forEach( ( mutation ) => {                    if ( mutation.type === 'attributes' && visibilityTestDiv.offsetParent !== null ) {                        debouncedTriggerPostRender();                        observer.disconnect();                    }                });            });            observer.observe( document.body, {                attributes: true,                childList: false,                subtree: true,                attributeFilter: [ 'style', 'class' ],            });        } else {            triggerPostRender();        }    } );} ); \n\/* ]]> *\/\n<\/script>\n<\/div>\n<p><!--more--><br \/>\n<!-- {\"type\":\"layout\",\"children\":[{\"type\":\"section\",\"props\":{\"animation\":\"slide-bottom-medium\",\"class\":\"start-sec\",\"image_loading\":true,\"image_position\":\"center-center\",\"image_size\":\"cover\",\"image_width\":\"1920\",\"media_background\":\"#FFFFFF\",\"media_blend_mode\":\"luminosity\",\"padding\":\"large\",\"style\":\"default\",\"title_breakpoint\":\"xl\",\"title_position\":\"top-left\",\"title_rotation\":\"left\",\"vertical_align\":\"middle\",\"width\":\"default\"},\"children\":[{\"type\":\"row\",\"props\":{\"layout\":\"1-2,1-2\"},\"children\":[{\"type\":\"column\",\"props\":{\"image_position\":\"center-center\",\"position_sticky_breakpoint\":\"m\",\"vertical_align\":\"middle\",\"width_medium\":\"1-2\"},\"children\":[{\"type\":\"headline\",\"props\":{\"text_align\":\"left\",\"text_align_breakpoint\":\"m\",\"text_align_fallback\":\"center\",\"title_element\":\"h2\"},\"source\":{\"query\":{\"name\":\"pages.singlePage\"},\"props\":{\"content\":{\"filters\":{\"search\":\"\"},\"name\":\"title\"}}}},{\"type\":\"text\",\"props\":{\"column_breakpoint\":\"m\",\"margin\":\"default\",\"text_align\":\"left\",\"text_align_breakpoint\":\"m\",\"text_align_fallback\":\"center\"},\"source\":{\"query\":{\"name\":\"pages.singlePage\"},\"props\":{\"content\":{\"filters\":{\"search\":\"\"},\"name\":\"field.rb_news_content\"}}}}]},{\"type\":\"column\",\"props\":{\"css\":\".el-column .uk-tile-default{\\n box-shadow: 0 6px 6px -2px rgba(0,0,0,.2);\\n}\",\"image_position\":\"center-center\",\"padding\":\"small\",\"position_sticky_breakpoint\":\"m\",\"style\":\"tile-default\",\"vertical_align\":\"middle\",\"width_medium\":\"1-2\"},\"children\":[{\"type\":\"text\",\"props\":{\"column_breakpoint\":\"m\",\"content\":\"[gravityform id=\\\"4\\\" title=\\\"false\\\" description=\\\"false\\\" ajax=\\\"true\\\"]\",\"css\":\".gform_wrapper.gravity-theme .gfield_required {\\n display: none;\\n}\",\"margin\":\"default\",\"text_align_breakpoint\":\"m\"}}]}]}],\"source\":{\"query\":{\"name\":\"pages.singlePage\"},\"props\":{\"image\":{\"filters\":{\"search\":\"\"},\"name\":\"field.rb_background_image.url\"}}},\"name\":\"Homepage : Start A Conversation new\"}],\"version\":\"4.2.11\"} --><\/p>\n","protected":false},"excerpt":{"rendered":"","protected":false},"author":2,"featured_media":2909,"parent":0,"menu_order":0,"comment_status":"closed","ping_status":"closed","template":"","meta":{"_acf_changed":false,"footnotes":""},"class_list":["post-6870","page","type-page","status-publish","has-post-thumbnail","hentry"],"acf":[],"yoast_head":"<!-- This site is optimized with the Yoast SEO plugin v26.9 - https:\/\/yoast.com\/product\/yoast-seo-wordpress\/ -->\n<title>Nouvelle lettre - Rothenberg Wealth Management<\/title>\n<meta name=\"robots\" content=\"index, follow, max-snippet:-1, max-image-preview:large, max-video-preview:-1\" \/>\n<link rel=\"canonical\" href=\"https:\/\/www.rothenberg.ca\/fr\/nouvelle-lettre\/\" \/>\n<meta property=\"og:locale\" content=\"fr_FR\" \/>\n<meta property=\"og:type\" content=\"article\" \/>\n<meta property=\"og:title\" content=\"Nouvelle lettre - Rothenberg Wealth Management\" \/>\n<meta property=\"og:url\" content=\"https:\/\/www.rothenberg.ca\/fr\/nouvelle-lettre\/\" \/>\n<meta property=\"og:site_name\" content=\"Rothenberg Wealth Management\" \/>\n<meta property=\"article:publisher\" content=\"https:\/\/www.facebook.com\/RothenbergWealthManagement\/\" \/>\n<meta property=\"article:modified_time\" content=\"2024-02-15T13:08:08+00:00\" \/>\n<meta property=\"og:image\" content=\"https:\/\/www.rothenberg.ca\/wp-content\/uploads\/2023\/10\/element-image-placeholder.png\" \/>\n\t<meta property=\"og:image:width\" content=\"800\" \/>\n\t<meta property=\"og:image:height\" content=\"500\" \/>\n\t<meta property=\"og:image:type\" content=\"image\/png\" \/>\n<meta name=\"twitter:card\" content=\"summary_large_image\" \/>\n<meta name=\"twitter:site\" content=\"@rothenbergwm\" \/>\n<script type=\"application\/ld+json\" class=\"yoast-schema-graph\">{\"@context\":\"https:\/\/schema.org\",\"@graph\":[{\"@type\":\"WebPage\",\"@id\":\"https:\/\/www.rothenberg.ca\/fr\/nouvelle-lettre\/\",\"url\":\"https:\/\/www.rothenberg.ca\/fr\/nouvelle-lettre\/\",\"name\":\"Nouvelle lettre - Rothenberg Wealth Management\",\"isPartOf\":{\"@id\":\"https:\/\/www.rothenberg.ca\/fr\/#website\"},\"primaryImageOfPage\":{\"@id\":\"https:\/\/www.rothenberg.ca\/fr\/nouvelle-lettre\/#primaryimage\"},\"image\":{\"@id\":\"https:\/\/www.rothenberg.ca\/fr\/nouvelle-lettre\/#primaryimage\"},\"thumbnailUrl\":\"https:\/\/www.rothenberg.ca\/wp-content\/uploads\/2023\/10\/element-image-placeholder.png\",\"datePublished\":\"2024-02-15T11:48:23+00:00\",\"dateModified\":\"2024-02-15T13:08:08+00:00\",\"breadcrumb\":{\"@id\":\"https:\/\/www.rothenberg.ca\/fr\/nouvelle-lettre\/#breadcrumb\"},\"inLanguage\":\"fr-FR\",\"potentialAction\":[{\"@type\":\"ReadAction\",\"target\":[\"https:\/\/www.rothenberg.ca\/fr\/nouvelle-lettre\/\"]}]},{\"@type\":\"ImageObject\",\"inLanguage\":\"fr-FR\",\"@id\":\"https:\/\/www.rothenberg.ca\/fr\/nouvelle-lettre\/#primaryimage\",\"url\":\"https:\/\/www.rothenberg.ca\/wp-content\/uploads\/2023\/10\/element-image-placeholder.png\",\"contentUrl\":\"https:\/\/www.rothenberg.ca\/wp-content\/uploads\/2023\/10\/element-image-placeholder.png\",\"width\":800,\"height\":500},{\"@type\":\"BreadcrumbList\",\"@id\":\"https:\/\/www.rothenberg.ca\/fr\/nouvelle-lettre\/#breadcrumb\",\"itemListElement\":[{\"@type\":\"ListItem\",\"position\":1,\"name\":\"Home\",\"item\":\"https:\/\/www.rothenberg.ca\/fr\/\"},{\"@type\":\"ListItem\",\"position\":2,\"name\":\"Nouvelle lettre\"}]},{\"@type\":\"WebSite\",\"@id\":\"https:\/\/www.rothenberg.ca\/fr\/#website\",\"url\":\"https:\/\/www.rothenberg.ca\/fr\/\",\"name\":\"Rothenberg Wealth Management\",\"description\":\"Your Partners in Wealth Management\",\"publisher\":{\"@id\":\"https:\/\/www.rothenberg.ca\/fr\/#organization\"},\"potentialAction\":[{\"@type\":\"SearchAction\",\"target\":{\"@type\":\"EntryPoint\",\"urlTemplate\":\"https:\/\/www.rothenberg.ca\/fr\/?s={search_term_string}\"},\"query-input\":{\"@type\":\"PropertyValueSpecification\",\"valueRequired\":true,\"valueName\":\"search_term_string\"}}],\"inLanguage\":\"fr-FR\"},{\"@type\":\"Organization\",\"@id\":\"https:\/\/www.rothenberg.ca\/fr\/#organization\",\"name\":\"Rothenberg Wealth Management\",\"url\":\"https:\/\/www.rothenberg.ca\/fr\/\",\"logo\":{\"@type\":\"ImageObject\",\"inLanguage\":\"fr-FR\",\"@id\":\"https:\/\/www.rothenberg.ca\/fr\/#\/schema\/logo\/image\/\",\"url\":\"https:\/\/www.rothenberg.ca\/wp-content\/uploads\/2023\/09\/RWM_Website-Logo_300px.png\",\"contentUrl\":\"https:\/\/www.rothenberg.ca\/wp-content\/uploads\/2023\/09\/RWM_Website-Logo_300px.png\",\"width\":605,\"height\":300,\"caption\":\"Rothenberg Wealth Management\"},\"image\":{\"@id\":\"https:\/\/www.rothenberg.ca\/fr\/#\/schema\/logo\/image\/\"},\"sameAs\":[\"https:\/\/www.facebook.com\/RothenbergWealthManagement\/\",\"https:\/\/x.com\/rothenbergwm\"]}]}<\/script>\n<!-- \/ Yoast SEO plugin. -->","yoast_head_json":{"title":"Nouvelle lettre - Rothenberg Wealth Management","robots":{"index":"index","follow":"follow","max-snippet":"max-snippet:-1","max-image-preview":"max-image-preview:large","max-video-preview":"max-video-preview:-1"},"canonical":"https:\/\/www.rothenberg.ca\/fr\/nouvelle-lettre\/","og_locale":"fr_FR","og_type":"article","og_title":"Nouvelle lettre - Rothenberg Wealth Management","og_url":"https:\/\/www.rothenberg.ca\/fr\/nouvelle-lettre\/","og_site_name":"Rothenberg Wealth Management","article_publisher":"https:\/\/www.facebook.com\/RothenbergWealthManagement\/","article_modified_time":"2024-02-15T13:08:08+00:00","og_image":[{"width":800,"height":500,"url":"https:\/\/www.rothenberg.ca\/wp-content\/uploads\/2023\/10\/element-image-placeholder.png","type":"image\/png"}],"twitter_card":"summary_large_image","twitter_site":"@rothenbergwm","schema":{"@context":"https:\/\/schema.org","@graph":[{"@type":"WebPage","@id":"https:\/\/www.rothenberg.ca\/fr\/nouvelle-lettre\/","url":"https:\/\/www.rothenberg.ca\/fr\/nouvelle-lettre\/","name":"Nouvelle lettre - Rothenberg Wealth Management","isPartOf":{"@id":"https:\/\/www.rothenberg.ca\/fr\/#website"},"primaryImageOfPage":{"@id":"https:\/\/www.rothenberg.ca\/fr\/nouvelle-lettre\/#primaryimage"},"image":{"@id":"https:\/\/www.rothenberg.ca\/fr\/nouvelle-lettre\/#primaryimage"},"thumbnailUrl":"https:\/\/www.rothenberg.ca\/wp-content\/uploads\/2023\/10\/element-image-placeholder.png","datePublished":"2024-02-15T11:48:23+00:00","dateModified":"2024-02-15T13:08:08+00:00","breadcrumb":{"@id":"https:\/\/www.rothenberg.ca\/fr\/nouvelle-lettre\/#breadcrumb"},"inLanguage":"fr-FR","potentialAction":[{"@type":"ReadAction","target":["https:\/\/www.rothenberg.ca\/fr\/nouvelle-lettre\/"]}]},{"@type":"ImageObject","inLanguage":"fr-FR","@id":"https:\/\/www.rothenberg.ca\/fr\/nouvelle-lettre\/#primaryimage","url":"https:\/\/www.rothenberg.ca\/wp-content\/uploads\/2023\/10\/element-image-placeholder.png","contentUrl":"https:\/\/www.rothenberg.ca\/wp-content\/uploads\/2023\/10\/element-image-placeholder.png","width":800,"height":500},{"@type":"BreadcrumbList","@id":"https:\/\/www.rothenberg.ca\/fr\/nouvelle-lettre\/#breadcrumb","itemListElement":[{"@type":"ListItem","position":1,"name":"Home","item":"https:\/\/www.rothenberg.ca\/fr\/"},{"@type":"ListItem","position":2,"name":"Nouvelle lettre"}]},{"@type":"WebSite","@id":"https:\/\/www.rothenberg.ca\/fr\/#website","url":"https:\/\/www.rothenberg.ca\/fr\/","name":"Rothenberg Wealth Management","description":"Your Partners in Wealth Management","publisher":{"@id":"https:\/\/www.rothenberg.ca\/fr\/#organization"},"potentialAction":[{"@type":"SearchAction","target":{"@type":"EntryPoint","urlTemplate":"https:\/\/www.rothenberg.ca\/fr\/?s={search_term_string}"},"query-input":{"@type":"PropertyValueSpecification","valueRequired":true,"valueName":"search_term_string"}}],"inLanguage":"fr-FR"},{"@type":"Organization","@id":"https:\/\/www.rothenberg.ca\/fr\/#organization","name":"Rothenberg Wealth Management","url":"https:\/\/www.rothenberg.ca\/fr\/","logo":{"@type":"ImageObject","inLanguage":"fr-FR","@id":"https:\/\/www.rothenberg.ca\/fr\/#\/schema\/logo\/image\/","url":"https:\/\/www.rothenberg.ca\/wp-content\/uploads\/2023\/09\/RWM_Website-Logo_300px.png","contentUrl":"https:\/\/www.rothenberg.ca\/wp-content\/uploads\/2023\/09\/RWM_Website-Logo_300px.png","width":605,"height":300,"caption":"Rothenberg Wealth Management"},"image":{"@id":"https:\/\/www.rothenberg.ca\/fr\/#\/schema\/logo\/image\/"},"sameAs":["https:\/\/www.facebook.com\/RothenbergWealthManagement\/","https:\/\/x.com\/rothenbergwm"]}]}},"_links":{"self":[{"href":"https:\/\/www.rothenberg.ca\/fr\/wp-json\/wp\/v2\/pages\/6870","targetHints":{"allow":["GET"]}}],"collection":[{"href":"https:\/\/www.rothenberg.ca\/fr\/wp-json\/wp\/v2\/pages"}],"about":[{"href":"https:\/\/www.rothenberg.ca\/fr\/wp-json\/wp\/v2\/types\/page"}],"author":[{"embeddable":true,"href":"https:\/\/www.rothenberg.ca\/fr\/wp-json\/wp\/v2\/users\/2"}],"replies":[{"embeddable":true,"href":"https:\/\/www.rothenberg.ca\/fr\/wp-json\/wp\/v2\/comments?post=6870"}],"version-history":[{"count":0,"href":"https:\/\/www.rothenberg.ca\/fr\/wp-json\/wp\/v2\/pages\/6870\/revisions"}],"wp:featuredmedia":[{"embeddable":true,"href":"https:\/\/www.rothenberg.ca\/fr\/wp-json\/wp\/v2\/media\/2909"}],"wp:attachment":[{"href":"https:\/\/www.rothenberg.ca\/fr\/wp-json\/wp\/v2\/media?parent=6870"}],"curies":[{"name":"wp","href":"https:\/\/api.w.org\/{rel}","templated":true}]}}