{"id":6388,"date":"2023-09-20T06:10:34","date_gmt":"2023-09-20T10:10:34","guid":{"rendered":"https:\/\/rothenbergwealth.flywheelsites.com\/details-du-blog\/"},"modified":"2023-09-20T06:10:34","modified_gmt":"2023-09-20T10:10:34","slug":"details-du-blog","status":"publish","type":"page","link":"https:\/\/www.rothenberg.ca\/fr\/details-du-blog\/","title":{"rendered":"D\u00e9tails du blog"},"content":{"rendered":"<h1>Liste des choses \u00e0 faire pour l&rsquo;\u00e9t\u00e9 2023 par Robin Esrock<\/h1>\n<div>\n<p>Lorem ipsum dolor sit amet, consectetur adipiscing elit, sed do eiusmod tempor incididunt ut labore et dolore magna aliqua.<\/p>\n<\/div>\n<p><img decoding=\"async\" src=\"\/wp-content\/uploads\/2023\/09\/Summer-Pic-Slovenia-Lake-Bled-Robin-Esrock-768x576-1.jpeg\" alt=\"\"><\/p>\n<ul>\n<li><a href=\"#q\">sociale<\/a>\n<\/li>\n<li><a href=\"#q\">sociale<\/a>\n<\/li>\n<li><a href=\"#q\">sociale<\/a>\n<\/li>\n<li><a href=\"#q\">sociale<\/a>\n<\/li>\n<\/ul>\n<div>\n<p><em>Robin Esrock, personnalit\u00e9 du monde du voyage et auteur de best-sellers, a r\u00e9alis\u00e9 des reportages dans plus de 100 pays sur 7 continents. Nous l&rsquo;avons invit\u00e9 \u00e0 nous faire part de son inspiration pour les voyages d&rsquo;\u00e9t\u00e9.<\/em><\/p>\n<p><strong>Le r\u00eave mondial de l&rsquo;\u00e9t\u00e9 : <\/strong><em>Slov\u00e9nie<\/em><\/p>\n<p>De tous les pays qui composaient autrefois l&rsquo;ex-Yougoslavie, la Slov\u00e9nie est devenue la perle rare de l&rsquo;Europe centrale. Le pays poss\u00e8de une campagne luxuriante, des forteresses m\u00e9di\u00e9vales, les Alpes juliennes, des lacs cristallins et la capitale Ljubljana, riche en culture. Tout droit sorties d&rsquo;un conte de f\u00e9es d&rsquo;Europe centrale, les montagnes surplombent des vall\u00e9es verdoyantes si douces qu&rsquo;on croirait qu&rsquo;elles cultivent des l\u00e9gumes sur des fairways manucur\u00e9s. Les romantiques adoreront la vieille \u00e9glise situ\u00e9e au milieu du lac de Bled, une vue que vous avez peut-\u00eatre d\u00e9j\u00e0 vue dans des \u00e9conomiseurs d&rsquo;\u00e9cran populaires. Les amateurs de chevaux se r\u00e9jouiront d&rsquo;une visite \u00e0 Lipica, la terre ancestrale du Lipizzan blanc classique. Ljubljana est typiquement europ\u00e9enne : pav\u00e9s, \u00e9glises, places de la vieille ville, canaux, parcs, pistes cyclables et caf\u00e9s en plein air tr\u00e8s fr\u00e9quent\u00e9s. Facile d&rsquo;acc\u00e8s par avion ou si l&rsquo;on vient de l&rsquo;Italie, de l&rsquo;Autriche, de la Croatie et de la Hongrie, la Slov\u00e9nie offre un excellent rapport qualit\u00e9-prix en Europe, avec de nombreuses possibilit\u00e9s en mati\u00e8re de nature, de culture, de gastronomie et d&rsquo;histoire.<\/p>\n<\/div>\n<p><!--more--><br \/>\n<!-- {\"type\":\"layout\",\"children\":[{\"type\":\"section\",\"props\":{\"animation\":\"slide-bottom-medium\",\"animation_delay\":\"50\",\"image\":\"wp-content\\\/uploads\\\/2024\\\/01\\\/blue-website-banner.jpg\",\"image_position\":\"center-left\",\"image_size\":\"cover\",\"image_width\":\"1920\",\"padding\":\"large\",\"style\":\"primary\",\"title_breakpoint\":\"xl\",\"title_position\":\"top-left\",\"title_rotation\":\"left\",\"vertical_align\":\"middle\",\"width\":\"default\"},\"children\":[{\"type\":\"row\",\"children\":[{\"type\":\"column\",\"props\":{\"css\":\".el-column {\\n width: 768px;\\n max-width: 55%;\\n}\",\"image_position\":\"center-center\",\"position_sticky_breakpoint\":\"m\"},\"children\":[{\"type\":\"breadcrumbs\",\"props\":{\"margin\":\"small\",\"show_current\":true,\"show_home\":true}},{\"type\":\"headline\",\"props\":{\"content\":\"Summer 2023 Bucket List by Robin Esrock\",\"margin_remove_top\":true,\"title_element\":\"h1\"}},{\"type\":\"text\",\"props\":{\"column_breakpoint\":\"m\",\"content\":\"\n\n<p>Lorem ipsum dolor sit amet, consectetur adipiscing elit, sed do eiusmod tempor incididunt ut labore et dolore magna aliqua.<\\\/p>\",\"margin\":\"default\",\"text_color\":\"emphasis\",\"text_style\":\"large\"}}]}]}],\"name\":\"Innerpages-Banner\"},{\"type\":\"section\",\"props\":{\"image_position\":\"center-center\",\"style\":\"default\",\"title_breakpoint\":\"xl\",\"title_position\":\"top-left\",\"title_rotation\":\"left\",\"vertical_align\":\"middle\",\"width\":\"default\"},\"children\":[{\"type\":\"row\",\"props\":{\"layout\":\"2-5,3-5\"},\"children\":[{\"type\":\"column\",\"props\":{\"image_position\":\"center-center\",\"position_sticky_breakpoint\":\"m\",\"width_medium\":\"2-5\"},\"children\":[{\"type\":\"image\",\"props\":{\"image\":\"wp-content\\\/uploads\\\/2023\\\/09\\\/Summer-Pic-Slovenia-Lake-Bled-Robin-Esrock-768x576-1.jpeg\",\"image_svg_color\":\"emphasis\",\"margin\":\"default\",\"text_align\":\"center\"}},{\"type\":\"social\",\"props\":{\"grid\":\"horizontal\",\"grid_gap\":\"small\",\"image_svg_inline\":true,\"link_style\":\"button\",\"link_target\":true,\"margin\":\"default\",\"text_align\":\"center\"},\"children\":[{\"type\":\"social_item\",\"props\":{\"icon\":\"facebook\",\"link\":\"#q\"}},{\"type\":\"social_item\",\"props\":{\"icon\":\"linkedin\",\"link\":\"#q\"}},{\"type\":\"social_item\",\"props\":{\"icon\":\"twitter\",\"link\":\"#q\"}},{\"type\":\"social_item\",\"props\":{\"icon\":\"mail\",\"link\":\"#q\"}}]}]},{\"type\":\"column\",\"props\":{\"image_position\":\"center-center\",\"position_sticky_breakpoint\":\"m\",\"width_medium\":\"3-5\"},\"children\":[{\"type\":\"text\",\"props\":{\"column_breakpoint\":\"m\",\"content\":\"\n\n<p><em>Travel personality and bestselling author Robin Esrock has reported from over 100 countries on 7 continents. We\\u2019ve invited him to share his summer travel inspiration.<\\\/em><\\\/p>\\n\n\n<p><strong>Global Dream of the Summer:\\u00a0 <\\\/strong><em>Slovenia<\\\/em><\\\/p>\\n\n\n<p>Of all the countries that once made up the former Yugoslavia, Slovenia has emerged as the undiscovered gem of Central Europe. The country boasts lush countryside, medieval fortresses, the sweeping Julian Alps, crystal lakes, and the culture-rich capital of Ljubljana. Straight out of a central European fairytale, mountains overlook green valleys so smooth you\\u2019d think they grow vegetables on manicured fairways. Romantics will love the old church sitting in the middle of Lake Bled, a vista you may have seen in popular screensavers. Horse-lovers will relish a bucket list visit to Lipica, the ancestral home of the classic white Lipizzaner. Ljubljana is quintessentially European: think cobblestones, churches, old town squares, canals, parks, bicycle lanes and busy outdoor cafes. Easy to get to via air or if visiting from neighboring Italy, Austria, Croatia and Hungary, Slovenia offers great European value with abundant options for nature, culture, food and history.<\\\/p>\",\"margin\":\"default\",\"text_align\":\"left\",\"text_align_breakpoint\":\"m\",\"text_align_fallback\":\"center\"}}]}]}]}],\"version\":\"4.2.11\"} --><\/p>\n","protected":false},"excerpt":{"rendered":"<p>Liste des choses \u00e0 faire pour l&rsquo;\u00e9t\u00e9 2023 par Robin Esrock Lorem ipsum dolor sit amet, consectetur adipiscing elit, sed do eiusmod tempor incididunt ut labore et dolore magna aliqua. sociale sociale sociale sociale Robin Esrock, personnalit\u00e9 du monde du voyage et auteur de best-sellers, a r\u00e9alis\u00e9 des reportages dans plus de 100 pays sur [&hellip;]<\/p>\n","protected":false},"author":2,"featured_media":2909,"parent":0,"menu_order":0,"comment_status":"closed","ping_status":"closed","template":"","meta":{"_acf_changed":false,"footnotes":""},"class_list":["post-6388","page","type-page","status-publish","has-post-thumbnail","hentry"],"acf":[],"yoast_head":"<!-- This site is optimized with the Yoast SEO plugin v26.9 - https:\/\/yoast.com\/product\/yoast-seo-wordpress\/ -->\n<title>D\u00e9tails du blog - Rothenberg Wealth Management<\/title>\n<meta name=\"robots\" content=\"index, follow, max-snippet:-1, max-image-preview:large, max-video-preview:-1\" \/>\n<link rel=\"canonical\" href=\"https:\/\/www.rothenberg.ca\/fr\/details-du-blog\/\" \/>\n<meta property=\"og:locale\" content=\"fr_FR\" \/>\n<meta property=\"og:type\" content=\"article\" \/>\n<meta property=\"og:title\" content=\"D\u00e9tails du blog - Rothenberg Wealth Management\" \/>\n<meta property=\"og:description\" content=\"Liste des choses \u00e0 faire pour l&rsquo;\u00e9t\u00e9 2023 par Robin Esrock Lorem ipsum dolor sit amet, consectetur adipiscing elit, sed do eiusmod tempor incididunt ut labore et dolore magna aliqua. sociale sociale sociale sociale Robin Esrock, personnalit\u00e9 du monde du voyage et auteur de best-sellers, a r\u00e9alis\u00e9 des reportages dans plus de 100 pays sur [&hellip;]\" \/>\n<meta property=\"og:url\" content=\"https:\/\/www.rothenberg.ca\/fr\/details-du-blog\/\" \/>\n<meta property=\"og:site_name\" content=\"Rothenberg Wealth Management\" \/>\n<meta property=\"article:publisher\" content=\"https:\/\/www.facebook.com\/RothenbergWealthManagement\/\" \/>\n<meta property=\"og:image\" content=\"https:\/\/www.rothenberg.ca\/wp-content\/uploads\/2023\/10\/element-image-placeholder.png\" \/>\n\t<meta property=\"og:image:width\" content=\"800\" \/>\n\t<meta property=\"og:image:height\" content=\"500\" \/>\n\t<meta property=\"og:image:type\" content=\"image\/png\" \/>\n<meta name=\"twitter:card\" content=\"summary_large_image\" \/>\n<meta name=\"twitter:site\" content=\"@rothenbergwm\" \/>\n<meta name=\"twitter:label1\" content=\"Dur\u00e9e de lecture estim\u00e9e\" \/>\n\t<meta name=\"twitter:data1\" content=\"1 minute\" \/>\n<script type=\"application\/ld+json\" class=\"yoast-schema-graph\">{\"@context\":\"https:\/\/schema.org\",\"@graph\":[{\"@type\":\"WebPage\",\"@id\":\"https:\/\/www.rothenberg.ca\/fr\/details-du-blog\/\",\"url\":\"https:\/\/www.rothenberg.ca\/fr\/details-du-blog\/\",\"name\":\"D\u00e9tails du blog - Rothenberg Wealth Management\",\"isPartOf\":{\"@id\":\"https:\/\/www.rothenberg.ca\/fr\/#website\"},\"primaryImageOfPage\":{\"@id\":\"https:\/\/www.rothenberg.ca\/fr\/details-du-blog\/#primaryimage\"},\"image\":{\"@id\":\"https:\/\/www.rothenberg.ca\/fr\/details-du-blog\/#primaryimage\"},\"thumbnailUrl\":\"https:\/\/www.rothenberg.ca\/wp-content\/uploads\/2023\/10\/element-image-placeholder.png\",\"datePublished\":\"2023-09-20T10:10:34+00:00\",\"breadcrumb\":{\"@id\":\"https:\/\/www.rothenberg.ca\/fr\/details-du-blog\/#breadcrumb\"},\"inLanguage\":\"fr-FR\",\"potentialAction\":[{\"@type\":\"ReadAction\",\"target\":[\"https:\/\/www.rothenberg.ca\/fr\/details-du-blog\/\"]}]},{\"@type\":\"ImageObject\",\"inLanguage\":\"fr-FR\",\"@id\":\"https:\/\/www.rothenberg.ca\/fr\/details-du-blog\/#primaryimage\",\"url\":\"https:\/\/www.rothenberg.ca\/wp-content\/uploads\/2023\/10\/element-image-placeholder.png\",\"contentUrl\":\"https:\/\/www.rothenberg.ca\/wp-content\/uploads\/2023\/10\/element-image-placeholder.png\",\"width\":800,\"height\":500},{\"@type\":\"BreadcrumbList\",\"@id\":\"https:\/\/www.rothenberg.ca\/fr\/details-du-blog\/#breadcrumb\",\"itemListElement\":[{\"@type\":\"ListItem\",\"position\":1,\"name\":\"Home\",\"item\":\"https:\/\/www.rothenberg.ca\/fr\/\"},{\"@type\":\"ListItem\",\"position\":2,\"name\":\"D\u00e9tails du blog\"}]},{\"@type\":\"WebSite\",\"@id\":\"https:\/\/www.rothenberg.ca\/fr\/#website\",\"url\":\"https:\/\/www.rothenberg.ca\/fr\/\",\"name\":\"Rothenberg Wealth Management\",\"description\":\"Your Partners in Wealth Management\",\"publisher\":{\"@id\":\"https:\/\/www.rothenberg.ca\/fr\/#organization\"},\"potentialAction\":[{\"@type\":\"SearchAction\",\"target\":{\"@type\":\"EntryPoint\",\"urlTemplate\":\"https:\/\/www.rothenberg.ca\/fr\/?s={search_term_string}\"},\"query-input\":{\"@type\":\"PropertyValueSpecification\",\"valueRequired\":true,\"valueName\":\"search_term_string\"}}],\"inLanguage\":\"fr-FR\"},{\"@type\":\"Organization\",\"@id\":\"https:\/\/www.rothenberg.ca\/fr\/#organization\",\"name\":\"Rothenberg Wealth Management\",\"url\":\"https:\/\/www.rothenberg.ca\/fr\/\",\"logo\":{\"@type\":\"ImageObject\",\"inLanguage\":\"fr-FR\",\"@id\":\"https:\/\/www.rothenberg.ca\/fr\/#\/schema\/logo\/image\/\",\"url\":\"https:\/\/www.rothenberg.ca\/wp-content\/uploads\/2023\/09\/RWM_Website-Logo_300px.png\",\"contentUrl\":\"https:\/\/www.rothenberg.ca\/wp-content\/uploads\/2023\/09\/RWM_Website-Logo_300px.png\",\"width\":605,\"height\":300,\"caption\":\"Rothenberg Wealth Management\"},\"image\":{\"@id\":\"https:\/\/www.rothenberg.ca\/fr\/#\/schema\/logo\/image\/\"},\"sameAs\":[\"https:\/\/www.facebook.com\/RothenbergWealthManagement\/\",\"https:\/\/x.com\/rothenbergwm\"]}]}<\/script>\n<!-- \/ Yoast SEO plugin. -->","yoast_head_json":{"title":"D\u00e9tails du blog - Rothenberg Wealth Management","robots":{"index":"index","follow":"follow","max-snippet":"max-snippet:-1","max-image-preview":"max-image-preview:large","max-video-preview":"max-video-preview:-1"},"canonical":"https:\/\/www.rothenberg.ca\/fr\/details-du-blog\/","og_locale":"fr_FR","og_type":"article","og_title":"D\u00e9tails du blog - Rothenberg Wealth Management","og_description":"Liste des choses \u00e0 faire pour l&rsquo;\u00e9t\u00e9 2023 par Robin Esrock Lorem ipsum dolor sit amet, consectetur adipiscing elit, sed do eiusmod tempor incididunt ut labore et dolore magna aliqua. sociale sociale sociale sociale Robin Esrock, personnalit\u00e9 du monde du voyage et auteur de best-sellers, a r\u00e9alis\u00e9 des reportages dans plus de 100 pays sur [&hellip;]","og_url":"https:\/\/www.rothenberg.ca\/fr\/details-du-blog\/","og_site_name":"Rothenberg Wealth Management","article_publisher":"https:\/\/www.facebook.com\/RothenbergWealthManagement\/","og_image":[{"width":800,"height":500,"url":"https:\/\/www.rothenberg.ca\/wp-content\/uploads\/2023\/10\/element-image-placeholder.png","type":"image\/png"}],"twitter_card":"summary_large_image","twitter_site":"@rothenbergwm","twitter_misc":{"Dur\u00e9e de lecture estim\u00e9e":"1 minute"},"schema":{"@context":"https:\/\/schema.org","@graph":[{"@type":"WebPage","@id":"https:\/\/www.rothenberg.ca\/fr\/details-du-blog\/","url":"https:\/\/www.rothenberg.ca\/fr\/details-du-blog\/","name":"D\u00e9tails du blog - Rothenberg Wealth Management","isPartOf":{"@id":"https:\/\/www.rothenberg.ca\/fr\/#website"},"primaryImageOfPage":{"@id":"https:\/\/www.rothenberg.ca\/fr\/details-du-blog\/#primaryimage"},"image":{"@id":"https:\/\/www.rothenberg.ca\/fr\/details-du-blog\/#primaryimage"},"thumbnailUrl":"https:\/\/www.rothenberg.ca\/wp-content\/uploads\/2023\/10\/element-image-placeholder.png","datePublished":"2023-09-20T10:10:34+00:00","breadcrumb":{"@id":"https:\/\/www.rothenberg.ca\/fr\/details-du-blog\/#breadcrumb"},"inLanguage":"fr-FR","potentialAction":[{"@type":"ReadAction","target":["https:\/\/www.rothenberg.ca\/fr\/details-du-blog\/"]}]},{"@type":"ImageObject","inLanguage":"fr-FR","@id":"https:\/\/www.rothenberg.ca\/fr\/details-du-blog\/#primaryimage","url":"https:\/\/www.rothenberg.ca\/wp-content\/uploads\/2023\/10\/element-image-placeholder.png","contentUrl":"https:\/\/www.rothenberg.ca\/wp-content\/uploads\/2023\/10\/element-image-placeholder.png","width":800,"height":500},{"@type":"BreadcrumbList","@id":"https:\/\/www.rothenberg.ca\/fr\/details-du-blog\/#breadcrumb","itemListElement":[{"@type":"ListItem","position":1,"name":"Home","item":"https:\/\/www.rothenberg.ca\/fr\/"},{"@type":"ListItem","position":2,"name":"D\u00e9tails du blog"}]},{"@type":"WebSite","@id":"https:\/\/www.rothenberg.ca\/fr\/#website","url":"https:\/\/www.rothenberg.ca\/fr\/","name":"Rothenberg Wealth Management","description":"Your Partners in Wealth Management","publisher":{"@id":"https:\/\/www.rothenberg.ca\/fr\/#organization"},"potentialAction":[{"@type":"SearchAction","target":{"@type":"EntryPoint","urlTemplate":"https:\/\/www.rothenberg.ca\/fr\/?s={search_term_string}"},"query-input":{"@type":"PropertyValueSpecification","valueRequired":true,"valueName":"search_term_string"}}],"inLanguage":"fr-FR"},{"@type":"Organization","@id":"https:\/\/www.rothenberg.ca\/fr\/#organization","name":"Rothenberg Wealth Management","url":"https:\/\/www.rothenberg.ca\/fr\/","logo":{"@type":"ImageObject","inLanguage":"fr-FR","@id":"https:\/\/www.rothenberg.ca\/fr\/#\/schema\/logo\/image\/","url":"https:\/\/www.rothenberg.ca\/wp-content\/uploads\/2023\/09\/RWM_Website-Logo_300px.png","contentUrl":"https:\/\/www.rothenberg.ca\/wp-content\/uploads\/2023\/09\/RWM_Website-Logo_300px.png","width":605,"height":300,"caption":"Rothenberg Wealth Management"},"image":{"@id":"https:\/\/www.rothenberg.ca\/fr\/#\/schema\/logo\/image\/"},"sameAs":["https:\/\/www.facebook.com\/RothenbergWealthManagement\/","https:\/\/x.com\/rothenbergwm"]}]}},"_links":{"self":[{"href":"https:\/\/www.rothenberg.ca\/fr\/wp-json\/wp\/v2\/pages\/6388","targetHints":{"allow":["GET"]}}],"collection":[{"href":"https:\/\/www.rothenberg.ca\/fr\/wp-json\/wp\/v2\/pages"}],"about":[{"href":"https:\/\/www.rothenberg.ca\/fr\/wp-json\/wp\/v2\/types\/page"}],"author":[{"embeddable":true,"href":"https:\/\/www.rothenberg.ca\/fr\/wp-json\/wp\/v2\/users\/2"}],"replies":[{"embeddable":true,"href":"https:\/\/www.rothenberg.ca\/fr\/wp-json\/wp\/v2\/comments?post=6388"}],"version-history":[{"count":0,"href":"https:\/\/www.rothenberg.ca\/fr\/wp-json\/wp\/v2\/pages\/6388\/revisions"}],"wp:featuredmedia":[{"embeddable":true,"href":"https:\/\/www.rothenberg.ca\/fr\/wp-json\/wp\/v2\/media\/2909"}],"wp:attachment":[{"href":"https:\/\/www.rothenberg.ca\/fr\/wp-json\/wp\/v2\/media?parent=6388"}],"curies":[{"name":"wp","href":"https:\/\/api.w.org\/{rel}","templated":true}]}}